{"id":2,"date":"2025-05-22T19:16:12","date_gmt":"2025-05-22T17:16:12","guid":{"rendered":"https:\/\/fernandez-madrid-iglesias-pereira.es\/?page_id=2"},"modified":"2026-04-27T14:48:13","modified_gmt":"2026-04-27T12:48:13","slug":"nosotros","status":"publish","type":"page","link":"https:\/\/fernandez-madrid-iglesias-pereira.es\/?page_id=2","title":{"rendered":"NOSOTROS"},"content":{"rendered":"<section id=\"content-section-0\" class=\"block ds-block ds-block--first cover-block fg-white v-text-center swiper-adjust-mobile swiper-adjust-mobile-horizontal v-height-small bg-button-color-1 block-button-background fadeIn \" data-body-row-position=\"0\">\n<div class=\" container \" data-ds-container=\"\">\n<div class=\"row ds-block-content no-reverse full-visible\" data-vp-remove-class=\"hiddenEffect\" data-vp-offset=\"100\" data-vp-add-class=\"visibleEffect animated fadeIn \">\n<div class=\"ds-col col-12 col-sm-12 col-md-12 col-lg-12 \">\n<div class=\"content-entry \">\n<div class=\"entry-text js-content-mobile\">\n<div class=\"content\"><\/div>\n<\/p><\/div>\n<\/p><\/div>\n<\/p><\/div>\n<\/p><\/div>\n<\/p><\/div>\n<div class=\"background\" data-sw-block-background=\"\">\n<div class=\"bg-image v-bg-fixed \"><b class=\"fg-color-3\">Fern\u00e1ndez Madrid + Iglesias Pereira,<\/b> estudio de arquitectura en A Coru\u00f1a<\/div>\n<\/p><\/div>\n<\/section>\n<section id=\"content-section-1\" class=\"block ds-block ds-block--inner-padding-4 fg-dark v-text-center v-height-min fadeIn \" data-body-row-position=\"1\">\n<div class=\" container \" data-ds-container=\"\">\n<div class=\"row ds-block-content no-reverse full-visible\" data-vp-remove-class=\"hiddenEffect\" data-vp-offset=\"100\" data-vp-add-class=\"visibleEffect animated fadeIn \">\n<div class=\"ds-col col-12 col-sm-12 col-md-12 col-lg-12 \">\n<div class=\"content-entry content-entry--n-element\">\n<p class=\"fg-color-3\">Somos una firma reconocida en la provincia de A Coru\u00f1a con a\u00f1os de experiencia en el campo de la arquitectura, nos destacamos por nuestro profesionalismo y compromiso con cada proyecto que emprendemos.<\/p>\n<\/p><\/div>\n<\/p><\/div>\n<\/p><\/div>\n<\/p><\/div>\n<div class=\"background\" data-sw-block-background=\"\">\n<div class=\"bg-color \"><\/div>\n<\/p><\/div>\n<\/section>\n<section id=\"content-section-2\" class=\"block ds-block ds-text--2-column fg-dark v-text-left v-height-none fadeIn \" data-body-row-position=\"2\">\n<div class=\" container container-m \" data-ds-container=\"\">\n<div class=\"row ds-block-content no-reverse full-visible\" data-vp-remove-class=\"hiddenEffect\" data-vp-offset=\"100\" data-vp-add-class=\"visibleEffect animated fadeIn \">\n<div class=\"ds-col col-12 col-sm-12 col-md-12 col-lg-12 d-flex justify-content-center\">\n<div class=\"content-entry column-count-2\">\n<div class=\"ds-text \"> Nuestro estudio se destaca en el enfoque en la <b>creatividad<\/b> y la innovaci\u00f3n que el equipo de arquitectos tienen, una visi\u00f3n \u00fanica y original, siempre buscamos nuevas formas de aprovechar el espacio y crear <b>dise\u00f1os \u00fanicos<\/b>. Esto se refleja en cada uno de los proyectos que hemos realizado, desde rehabilitaciones, viviendas residenciales hasta edificios comerciales, administrativos, docentes, entre otros. <\/div>\n<\/p><\/div>\n<\/p><\/div>\n<\/p><\/div>\n<\/p><\/div>\n<div class=\"background\" data-sw-block-background=\"\">\n<div class=\"bg-color \"><\/div>\n<\/p><\/div>\n<\/section>\n<section id=\"content-section-3\" class=\"block ds-block ds-nLinkImage fg-dark v-text-center v-height-small fadeIn \" data-body-row-position=\"3\">\n<div class=\" container-fluid \" data-ds-container=\"\">\n<div class=\"row ds-block-content no-reverse\" data-vp-remove-class=\"hiddenEffect\" data-vp-offset=\"100\" data-vp-add-class=\"visibleEffect animated fadeIn \">\n<div class=\"ds-col col-12 col-sm-12 col-md-12 col-lg-12 \">\n<div class=\"row n-widget justify-content-center\" data-cn-grid=\"\">\n<div class=\"ds-cn-grid-element col-6 col-sm-4 col-md-2 \" data-cn-grid-element=\"\">\n<div class=\"element\">\n<div class=\" image ds-image \" data-ds-image=\"\">\n<figure class=\"figure-content ds-eb-image\">\n<div class=\"size ratio--3-4 \"><\/div>\n<div class=\"picture-fit picture-fit--cover\"><img decoding=\"async\" class=\"img-fluid\" src=\"https:\/\/fernandez-madrid-iglesias-pereira.es\/nosotros\" sizes=\" (max-width:768px) 100vw, (max-width:992px) 100vw, (max-width:1200px) 100vw, 100vw\" srcset=\"https:\/\/fernandez-madrid-iglesias-pereira.es\/wp-content\/uploads\/2025\/07\/1_2.jpg 256w, https:\/\/fernandez-madrid-iglesias-pereira.es\/wp-content\/uploads\/2025\/07\/1_2.jpg 512w, https:\/\/fernandez-madrid-iglesias-pereira.es\/wp-content\/uploads\/2025\/07\/1_2.jpg 1000w, https:\/\/fernandez-madrid-iglesias-pereira.es\/wp-content\/uploads\/2025\/07\/1_2.jpg 2000w\" alt=\"1 2 \" \/><\/div>\n<\/figure><\/div>\n<\/p><\/div>\n<\/p><\/div>\n<div class=\"ds-cn-grid-element col-6 col-sm-4 col-md-2 \" data-cn-grid-element=\"\">\n<div class=\"element\">\n<div class=\" image ds-image \" data-ds-image=\"\">\n<figure class=\"figure-content ds-eb-image\">\n<div class=\"size ratio--3-4 \"><\/div>\n<div class=\"picture-fit picture-fit--cover\"><img decoding=\"async\" class=\"img-fluid\" src=\"https:\/\/fernandez-madrid-iglesias-pereira.es\/nosotros\" sizes=\" (max-width:768px) 100vw, (max-width:992px) 100vw, (max-width:1200px) 100vw, 100vw\" srcset=\"https:\/\/fernandez-madrid-iglesias-pereira.es\/wp-content\/uploads\/2025\/07\/13.png 256w, https:\/\/fernandez-madrid-iglesias-pereira.es\/wp-content\/uploads\/2025\/07\/13.png 512w, https:\/\/fernandez-madrid-iglesias-pereira.es\/wp-content\/uploads\/2025\/07\/13.png 1000w, https:\/\/fernandez-madrid-iglesias-pereira.es\/wp-content\/uploads\/2025\/07\/13.png 2000w\" alt=\"13 \" \/><\/div>\n<\/figure><\/div>\n<\/p><\/div>\n<\/p><\/div>\n<div class=\"ds-cn-grid-element col-6 col-sm-4 col-md-2 \" data-cn-grid-element=\"\">\n<div class=\"element\">\n<div class=\" image ds-image \" data-ds-image=\"\">\n<figure class=\"figure-content ds-eb-image\">\n<div class=\"size ratio--3-4 \"><\/div>\n<div class=\"picture-fit picture-fit--cover\"><img decoding=\"async\" class=\"img-fluid\" src=\"https:\/\/fernandez-madrid-iglesias-pereira.es\/nosotros\" sizes=\" (max-width:768px) 100vw, (max-width:992px) 100vw, (max-width:1200px) 100vw, 100vw\" srcset=\"https:\/\/fernandez-madrid-iglesias-pereira.es\/wp-content\/uploads\/2025\/07\/unnamed_18.jpg 256w, https:\/\/fernandez-madrid-iglesias-pereira.es\/wp-content\/uploads\/2025\/07\/unnamed_18.jpg 512w, https:\/\/fernandez-madrid-iglesias-pereira.es\/wp-content\/uploads\/2025\/07\/unnamed_18.jpg 1000w, https:\/\/fernandez-madrid-iglesias-pereira.es\/wp-content\/uploads\/2025\/07\/unnamed_18.jpg 2000w\" alt=\"Unnamed 18 \" \/><\/div>\n<\/figure><\/div>\n<\/p><\/div>\n<\/p><\/div>\n<div class=\"ds-cn-grid-element col-6 col-sm-4 col-md-2 \" data-cn-grid-element=\"\">\n<div class=\"element\">\n<div class=\" image ds-image \" data-ds-image=\"\">\n<figure class=\"figure-content ds-eb-image\">\n<div class=\"size ratio--3-4 \"><\/div>\n<div class=\"picture-fit picture-fit--cover\"><img decoding=\"async\" class=\"img-fluid\" src=\"https:\/\/fernandez-madrid-iglesias-pereira.es\/nosotros\" sizes=\" (max-width:768px) 100vw, (max-width:992px) 100vw, (max-width:1200px) 100vw, 100vw\" srcset=\"https:\/\/fernandez-madrid-iglesias-pereira.es\/wp-content\/uploads\/2025\/07\/unnamed_1_15.jpg 256w, https:\/\/fernandez-madrid-iglesias-pereira.es\/wp-content\/uploads\/2025\/07\/unnamed_1_15.jpg 512w, https:\/\/fernandez-madrid-iglesias-pereira.es\/wp-content\/uploads\/2025\/07\/unnamed_1_15.jpg 1000w, https:\/\/fernandez-madrid-iglesias-pereira.es\/wp-content\/uploads\/2025\/07\/unnamed_1_15.jpg 2000w\" alt=\"Unnamed 1 15 \" \/><\/div>\n<\/figure><\/div>\n<\/p><\/div>\n<\/p><\/div>\n<div class=\"ds-cn-grid-element col-6 col-sm-4 col-md-2 \" data-cn-grid-element=\"\">\n<div class=\"element\">\n<div class=\" image ds-image \" data-ds-image=\"\">\n<figure class=\"figure-content ds-eb-image\">\n<div class=\"size ratio--3-4 \"><\/div>\n<div class=\"picture-fit picture-fit--cover\"><img decoding=\"async\" class=\"img-fluid\" src=\"https:\/\/fernandez-madrid-iglesias-pereira.es\/nosotros\" sizes=\" (max-width:768px) 100vw, (max-width:992px) 100vw, (max-width:1200px) 100vw, 100vw\" srcset=\"https:\/\/fernandez-madrid-iglesias-pereira.es\/wp-content\/uploads\/2025\/07\/unnamed_8.jpg 256w, https:\/\/fernandez-madrid-iglesias-pereira.es\/wp-content\/uploads\/2025\/07\/unnamed_8.jpg 512w, https:\/\/fernandez-madrid-iglesias-pereira.es\/wp-content\/uploads\/2025\/07\/unnamed_8.jpg 1000w, https:\/\/fernandez-madrid-iglesias-pereira.es\/wp-content\/uploads\/2025\/07\/unnamed_8.jpg 2000w\" alt=\"Unnamed 8 \" \/><\/div>\n<\/figure><\/div>\n<\/p><\/div>\n<\/p><\/div>\n<div class=\"ds-cn-grid-element col-6 col-sm-4 col-md-2 \" data-cn-grid-element=\"\">\n<div class=\"element\">\n<div class=\" image ds-image \" data-ds-image=\"\">\n<figure class=\"figure-content ds-eb-image\">\n<div class=\"size ratio--3-4 \"><\/div>\n<div class=\"picture-fit picture-fit--cover\"><img decoding=\"async\" class=\"img-fluid\" src=\"https:\/\/fernandez-madrid-iglesias-pereira.es\/nosotros\" sizes=\" (max-width:768px) 100vw, (max-width:992px) 100vw, (max-width:1200px) 100vw, 100vw\" srcset=\"https:\/\/fernandez-madrid-iglesias-pereira.es\/wp-content\/uploads\/2025\/07\/unnamed_2_3.jpg 256w, https:\/\/fernandez-madrid-iglesias-pereira.es\/wp-content\/uploads\/2025\/07\/unnamed_2_3.jpg 512w, https:\/\/fernandez-madrid-iglesias-pereira.es\/wp-content\/uploads\/2025\/07\/unnamed_2_3.jpg 1000w, https:\/\/fernandez-madrid-iglesias-pereira.es\/wp-content\/uploads\/2025\/07\/unnamed_2_3.jpg 2000w\" alt=\"Unnamed 2 3 \" \/><\/div>\n<\/figure><\/div>\n<\/p><\/div>\n<\/p><\/div>\n<\/p><\/div>\n<\/p><\/div>\n<\/p><\/div>\n<\/p><\/div>\n<div class=\"background\" data-sw-block-background=\"\">\n<div class=\"bg-color \"><\/div>\n<\/p><\/div>\n<\/section>\n<section id=\"content-section-4\" class=\"block ds-block ds-block--inner-padding-4 fg-dark v-text-left v-height-none fadeIn \" data-body-row-position=\"4\">\n<div class=\" container \" data-ds-container=\"\">\n<div class=\"row ds-block-content no-reverse\" data-vp-remove-class=\"hiddenEffect\" data-vp-offset=\"100\" data-vp-add-class=\"visibleEffect animated fadeIn \">\n<div class=\"ds-col col-12 col-sm-12 col-md-12 col-lg-12 \">\n<div class=\"content-entry content-entry--n-element\">\n<div class=\"ds-text \"> Nosotros nos destacamos por nuestro<b> compromiso con la calidad<\/b>. Cada detalle es meticulosamente estudiado y cada proyecto se ejecuta con los mejores materiales y t\u00e9cnicas de construcci\u00f3n. Esto asegura la<b> durabilidad y funcionalidad<\/b> de nuestras edificaciones, as\u00ed como la satisfacci\u00f3n de nuestros clientes. La atenci\u00f3n personalizada es otro de nuestros pilares fundamentales. Entendemos que cada cliente y proyecto son \u00fanicos, por lo que trabajamos estrechamente con ellos para comprender sus <b>necesidades y objetivos<\/b>. Esto nos permite ofrecer soluciones personalizadas y adaptadas a cada proyecto. Adem\u00e1s de nuestro trabajo en arquitectura, nos preocupamos por el medio ambiente y la sostenibilidad. Buscamos implementar t\u00e9cnicas y materiales <b>eco amigables<\/b> en nuestros proyectos, contribuyendo as\u00ed a la preservaci\u00f3n del <b>medio ambiente<\/b>. <\/div>\n<\/p><\/div>\n<\/p><\/div>\n<\/p><\/div>\n<\/p><\/div>\n<div class=\"background\" data-sw-block-background=\"\">\n<div class=\"bg-color \"><\/div>\n<\/p><\/div>\n<\/section>\n<section id=\"content-section-5\" class=\"block ds-block block-advisebar fg-white v-text-center v-height-min \" data-body-row-position=\"5\">\n<div class=\" container \" data-ds-container=\"\">\n<div class=\"row ds-block-content no-reverse visible full-visible\">\n<div class=\"ds-col col-12 col-sm-12 col-md-12 col-lg-12 \"><\/div>\n<\/p><\/div>\n<\/p><\/div>\n<\/section>\n","protected":false},"excerpt":{"rendered":"<p>Fern\u00e1ndez Madrid + Iglesias Pereira, estudio de arquitectura en A Coru\u00f1a Somos una firma reconocida&hellip;<\/p>\n","protected":false},"author":1,"featured_media":0,"parent":0,"menu_order":0,"comment_status":"closed","ping_status":"closed","template":"","meta":{"footnotes":""},"class_list":["post-2","page","type-page","status-publish","hentry"],"_links":{"self":[{"href":"https:\/\/fernandez-madrid-iglesias-pereira.es\/index.php?rest_route=\/wp\/v2\/pages\/2","targetHints":{"allow":["GET"]}}],"collection":[{"href":"https:\/\/fernandez-madrid-iglesias-pereira.es\/index.php?rest_route=\/wp\/v2\/pages"}],"about":[{"href":"https:\/\/fernandez-madrid-iglesias-pereira.es\/index.php?rest_route=\/wp\/v2\/types\/page"}],"author":[{"embeddable":true,"href":"https:\/\/fernandez-madrid-iglesias-pereira.es\/index.php?rest_route=\/wp\/v2\/users\/1"}],"replies":[{"embeddable":true,"href":"https:\/\/fernandez-madrid-iglesias-pereira.es\/index.php?rest_route=%2Fwp%2Fv2%2Fcomments&post=2"}],"version-history":[{"count":2,"href":"https:\/\/fernandez-madrid-iglesias-pereira.es\/index.php?rest_route=\/wp\/v2\/pages\/2\/revisions"}],"predecessor-version":[{"id":2443,"href":"https:\/\/fernandez-madrid-iglesias-pereira.es\/index.php?rest_route=\/wp\/v2\/pages\/2\/revisions\/2443"}],"wp:attachment":[{"href":"https:\/\/fernandez-madrid-iglesias-pereira.es\/index.php?rest_route=%2Fwp%2Fv2%2Fmedia&parent=2"}],"curies":[{"name":"wp","href":"https:\/\/api.w.org\/{rel}","templated":true}]}}