{"id":1343,"date":"2016-03-24T13:12:17","date_gmt":"2016-03-24T12:12:17","guid":{"rendered":"https:\/\/demo.themes4wp.com\/gama-store\/checkout\/"},"modified":"2016-03-24T13:12:17","modified_gmt":"2016-03-24T12:12:17","slug":"religiosos","status":"publish","type":"page","link":"https:\/\/fernandez-madrid-iglesias-pereira.es\/?page_id=1343","title":{"rendered":"Religiosos"},"content":{"rendered":"<section id=\"content-section-0\" class=\"block ds-block ds-block--first\n                                             cover-block\n\n                                              fg-dark \n\n                                             v-text-center\n\n                                             v-height-small\n\n                                             bg-button-color-1\n                                             block-button-background\n\n                                             fadeIn\n\n                                               \" data-body-row-position=\"0\"><\/p>\n<div class=\"                  container\n                                                   \" data-ds-container=\"\"><\/p>\n<div class=\"row ds-block-content no-reverse full-visible\" data-vp-remove-class=\"hiddenEffect\" data-vp-offset=\"100\" data-vp-add-class=\"visibleEffect animated\n                                                  fadeIn\n                                            \"><\/p>\n<div class=\"ds-col col-12 col-sm-12 col-md-12 col-lg-12  \">\n<div class=\"content-entry \">\n<div class=\"entry-text js-content-mobile\">\n<div class=\"content\">\n<p><b>Construcciones Religiosas<\/b><\/p>\n<div class=\"text\"><\/div>\n<\/div>\n<\/div>\n<\/div>\n<\/div>\n<\/div>\n<\/div>\n<div class=\"background\" data-sw-block-background=\"\">\n<div class=\"bg-color\n                                           \"><\/div>\n<div class=\"bg-image\n\n                                               \"><\/div>\n<\/div>\n<\/section>\n<section id=\"content-section-1\" class=\"block ds-block \n                                             ds-block--inner-padding-4\n\n                                              fg-dark \n\n                                             v-text-left\n\n                                             v-height-none\n\n                                             fadeIn\n\n                                               \" data-body-row-position=\"1\"><\/p>\n<div class=\"\n                                                       container\n                                     \" data-ds-container=\"\"><\/p>\n<div class=\"row ds-block-content no-reverse full-visible\" data-vp-remove-class=\"hiddenEffect\" data-vp-offset=\"100\" data-vp-add-class=\"visibleEffect animated\n                                                  fadeIn\n                                            \"><\/p>\n<div class=\"ds-col col-12 col-sm-12 col-md-12 col-lg-12  \">\n<div class=\"content-entry content-entry--n-element\"><\/div>\n<\/div>\n<\/div>\n<\/div>\n<div class=\"background\" data-sw-block-background=\"\">\n<div class=\"bg-color\n                                           \"><\/div>\n<div class=\"bg-image\n\n                                               \"><\/div>\n<\/div>\n<\/section>\n<section id=\"content-section-2\" class=\"block ds-block \n                                             block-pricing-1\n\n                                              fg-dark \n\n                                             v-text-center\n\n                                             v-height-min\n\n                                             bg-button-color-8\n                                             block-button-background\n\n                                             has-title\n\n                                             border-bottom\n\n                                             fadeIn\n\n                                               \" data-body-row-position=\"2\"><\/p>\n<div class=\"\n                                                       container\n                                     \" data-ds-container=\"\"><\/p>\n<div class=\"row ds-block-content no-reverse\" data-vp-remove-class=\"hiddenEffect\" data-vp-offset=\"100\" data-vp-add-class=\"visibleEffect animated\n                                                  fadeIn\n                                            \"><\/p>\n<div class=\"ds-col col-12 col-title\">\n<h2 class=\"title-block\">Proyectos con tem\u00e1tica religiosa<\/h2>\n<\/div>\n<div class=\"ds-col col-12 col-sm-12 col-md-12 col-lg-12  \">\n<div class=\"row n-widget justify-content-center\" data-cn-grid=\"\">\n<div class=\"ds-col ds-cn-grid-element\n                                                                                           col-12\n                                                                                           col-sm-4\n                                                                                           col-md-4\n                                                                                           \" data-cn-grid-element=\"\"><\/p>\n<div class=\"element target\">\n<div class=\"target-body\">\n<div class=\"target-body_top\"><\/div>\n<div class=\"target-body_bottom\">\n<div class=\"\">\n<div class=\" image ds-image \" data-ds-image=\"\">\n<figure class=\"figure-content ds-eb-image\">\n<div class=\"size  ratio--16-9 \"><\/div>\n<div class=\"picture-fit picture-fit--cover\"><a href=\"https:\/\/fernandez-madrid-iglesias-pereira.es\/?page_id=1600\" aria-label=\"enlace Unnamed 7 \"><img decoding=\"async\" class=\"img-fluid\" src=\"https:\/\/fernandez-madrid-iglesias-pereira.es\/?page_id=1343\" sizes=\" (max-width:768px) 100vw, (max-width:992px) 100vw, (max-width:1200px) 100vw, 100vw\" srcset=\"https:\/\/fernandez-madrid-iglesias-pereira.es\/wp-content\/uploads\/2025\/07\/unnamed_7.png 256w,\n                                                                                                                             https:\/\/fernandez-madrid-iglesias-pereira.es\/wp-content\/uploads\/2025\/07\/unnamed_7.png 512w,\n                                                                                                                             https:\/\/fernandez-madrid-iglesias-pereira.es\/wp-content\/uploads\/2025\/07\/unnamed_7.png 1000w,\n                                                                                                                             https:\/\/fernandez-madrid-iglesias-pereira.es\/wp-content\/uploads\/2025\/07\/unnamed_7.png 2000w\" alt=\"Unnamed 7 \" \/><\/a><\/div>\n<\/figure>\n<\/div>\n<\/div>\n<div class=\"ds-subtitle  \">\n<p><b>TEMPLO DE SAN JUAN APOSTOL Y EVANGELISTA<\/b><\/p>\n<\/div>\n<div class=\"pricing-shape\"><\/div>\n<div class=\"text \">\n<p>Pol\u00edgono de Vite (Santiago de Compostela)<\/p>\n<\/div>\n<p><a class=\"btn btn-lg animated fadeIn bd-btn\" href=\"https:\/\/fernandez-madrid-iglesias-pereira.es\/?page_id=1600\">M\u00e1s detalles<\/a><\/div>\n<\/div>\n<\/div>\n<\/div>\n<div class=\"ds-col ds-cn-grid-element\n                                                                                           col-12\n                                                                                           col-sm-4\n                                                                                           col-md-4\n                                                                                           \" data-cn-grid-element=\"\"><\/p>\n<div class=\"element target\">\n<div class=\"target-body\">\n<div class=\"target-body_top\"><\/div>\n<div class=\"target-body_bottom\">\n<div class=\"\">\n<div class=\" image ds-image \" data-ds-image=\"\">\n<figure class=\"figure-content ds-eb-image\">\n<div class=\"size  ratio--16-9 \"><\/div>\n<div class=\"picture-fit picture-fit--cover\"><a href=\"https:\/\/fernandez-madrid-iglesias-pereira.es\/?page_id=1602\" aria-label=\"enlace Casa Rectoral y centro parroquial de San Pedro de Visma, edificio moderno en A Coru\u00f1a, con un camino de concreto y c\u00e9sped, dise\u00f1ado por Fern\u00e1ndez Madrid e Iglesias Pereira\"><img decoding=\"async\" class=\"img-fluid\" src=\"https:\/\/fernandez-madrid-iglesias-pereira.es\/?page_id=1343\" sizes=\" (max-width:768px) 100vw, (max-width:992px) 100vw, (max-width:1200px) 100vw, 100vw\" srcset=\"https:\/\/fernandez-madrid-iglesias-pereira.es\/wp-content\/uploads\/2025\/07\/unnamed_23.jpg 256w,\n                                                                                                                             https:\/\/fernandez-madrid-iglesias-pereira.es\/wp-content\/uploads\/2025\/07\/unnamed_23.jpg 512w,\n                                                                                                                             https:\/\/fernandez-madrid-iglesias-pereira.es\/wp-content\/uploads\/2025\/07\/unnamed_23.jpg 1000w,\n                                                                                                                             https:\/\/fernandez-madrid-iglesias-pereira.es\/wp-content\/uploads\/2025\/07\/unnamed_23.jpg 2000w\" alt=\"Casa Rectoral y centro parroquial de San Pedro de Visma, edificio moderno en A Coru\u00f1a, con un camino de concreto y c\u00e9sped, dise\u00f1ado por Fern\u00e1ndez Madrid e Iglesias Pereira\" \/><\/a><\/div>\n<\/figure>\n<\/div>\n<\/div>\n<div class=\"ds-subtitle  \">\n<p><b>CASA RECTORAL Y CENTRO PARROQUIAL DE SAN PEDRO DE VISMA<\/b><\/p>\n<\/div>\n<div class=\"pricing-shape\"><\/div>\n<div class=\"text \">\n<p>San Pedro de Visma (A Coru\u00f1a)<\/p>\n<\/div>\n<p><a class=\"btn btn-lg animated fadeIn bd-btn\" href=\"https:\/\/fernandez-madrid-iglesias-pereira.es\/?page_id=1602\">M\u00e1s detalles<\/a><\/div>\n<\/div>\n<\/div>\n<\/div>\n<div class=\"ds-col ds-cn-grid-element\n                                                                                           col-12\n                                                                                           col-sm-4\n                                                                                           col-md-4\n                                                                                           \" data-cn-grid-element=\"\"><\/p>\n<div class=\"element target\">\n<div class=\"target-body\">\n<div class=\"target-body_top\"><\/div>\n<div class=\"target-body_bottom\">\n<div class=\"\">\n<div class=\" image ds-image \" data-ds-image=\"\">\n<figure class=\"figure-content ds-eb-image\">\n<div class=\"size  ratio--16-9 \"><\/div>\n<div class=\"picture-fit picture-fit--cover\"><a href=\"https:\/\/fernandez-madrid-iglesias-pereira.es\/?page_id=1604\" aria-label=\"enlace Unnamed 9 7 \"><img decoding=\"async\" class=\"img-fluid\" src=\"https:\/\/fernandez-madrid-iglesias-pereira.es\/?page_id=1343\" sizes=\" (max-width:768px) 100vw, (max-width:992px) 100vw, (max-width:1200px) 100vw, 100vw\" srcset=\"https:\/\/fernandez-madrid-iglesias-pereira.es\/wp-content\/uploads\/2025\/07\/unnamed_9_7.jpg 256w,\n                                                                                                                             https:\/\/fernandez-madrid-iglesias-pereira.es\/wp-content\/uploads\/2025\/07\/unnamed_9_7.jpg 512w,\n                                                                                                                             https:\/\/fernandez-madrid-iglesias-pereira.es\/wp-content\/uploads\/2025\/07\/unnamed_9_7.jpg 1000w,\n                                                                                                                             https:\/\/fernandez-madrid-iglesias-pereira.es\/wp-content\/uploads\/2025\/07\/unnamed_9_7.jpg 2000w\" alt=\"Unnamed 9 7 \" \/><\/a><\/div>\n<\/figure>\n<\/div>\n<\/div>\n<div class=\"ds-subtitle  \">\n<p><b>TEMPLO DE SAN JOSE OBRERO<\/b><\/p>\n<\/div>\n<\/div>\n<\/div>\n<\/div>\n<\/div>\n<\/div>\n<\/div>\n<\/div>\n<\/div>\n<\/section>\n","protected":false},"excerpt":{"rendered":"<p>Construcciones Religiosas Proyectos con tem\u00e1tica religiosa TEMPLO DE SAN JUAN APOSTOL Y EVANGELISTA Pol\u00edgono de&hellip;<\/p>\n","protected":false},"author":1,"featured_media":0,"parent":0,"menu_order":0,"comment_status":"closed","ping_status":"closed","template":"","meta":{"footnotes":""},"class_list":["post-1343","page","type-page","status-publish","hentry"],"_links":{"self":[{"href":"https:\/\/fernandez-madrid-iglesias-pereira.es\/index.php?rest_route=\/wp\/v2\/pages\/1343","targetHints":{"allow":["GET"]}}],"collection":[{"href":"https:\/\/fernandez-madrid-iglesias-pereira.es\/index.php?rest_route=\/wp\/v2\/pages"}],"about":[{"href":"https:\/\/fernandez-madrid-iglesias-pereira.es\/index.php?rest_route=\/wp\/v2\/types\/page"}],"author":[{"embeddable":true,"href":"https:\/\/fernandez-madrid-iglesias-pereira.es\/index.php?rest_route=\/wp\/v2\/users\/1"}],"replies":[{"embeddable":true,"href":"https:\/\/fernandez-madrid-iglesias-pereira.es\/index.php?rest_route=%2Fwp%2Fv2%2Fcomments&post=1343"}],"version-history":[{"count":0,"href":"https:\/\/fernandez-madrid-iglesias-pereira.es\/index.php?rest_route=\/wp\/v2\/pages\/1343\/revisions"}],"wp:attachment":[{"href":"https:\/\/fernandez-madrid-iglesias-pereira.es\/index.php?rest_route=%2Fwp%2Fv2%2Fmedia&parent=1343"}],"curies":[{"name":"wp","href":"https:\/\/api.w.org\/{rel}","templated":true}]}}